{"id":2040,"date":"2019-12-18T14:43:07","date_gmt":"2019-12-18T13:43:07","guid":{"rendered":"https:\/\/www.portail-esclavage-reunion.fr\/?page_id=2040"},"modified":"2022-07-04T13:16:29","modified_gmt":"2022-07-04T11:16:29","slug":"informations-de-bas-de-page","status":"publish","type":"page","link":"https:\/\/www.portail-esclavage-reunion.fr\/en\/informations-de-bas-de-page\/","title":{"rendered":"Footer information"},"content":{"rendered":"<h3>Vill\u00e8le Museum<\/h3>\n<p>Domaine Panon-Desbassyns<br \/>\nSaint-Gilles-Les-Hauts<br \/>\nTel. : 0262 55 64 10<br \/>\nEmail: musee.villele@cg974.fr<br \/>\n<a class=\"SP_smallButtonWhite\" href=\"https:\/\/www.google.fr\/maps\/dir\/\/Le+mus\u00e9e+de+Vill\u00e8le,+Domaine+Panon+Desbassayns,+Lieu-dit+Vill\u00e8le,+Saint-Gilles-les-Bains,+La+R\u00e9union\" target=\"_blank\" rel=\"noopener\">Get there<\/a><\/p>\n<p>Open from Tuesdays to Sundays 9.30am to 12.30pm and 1.30pm to 5.30pm<br \/>\nClosed on Mondays<br \/>\nClosed 1st May \/ 1st January \/ 25th December<\/p>\n<h3>More information<\/h3>\n<p><a href=\"https:\/\/www.portail-esclavage-reunion.fr\/en\/the-museum-science-comity\/\" target=\"_blank\" rel=\"noopener\">Scientific committee<\/a><br \/>\n<a href=\"https:\/\/www.portail-esclavage-reunion.fr\/en\/legal-notices\/\" target=\"_blank\" rel=\"noopener\">Legal notice<\/a><\/p>\n","protected":false},"excerpt":{"rendered":"<p>Vill\u00e8le Museum Domaine Panon-Desbassyns Saint-Gilles-Les-Hauts Tel. : 0262 55 64 10 Email: musee.villele@cg974.fr Get there Open from Tuesdays to Sundays 9.30am to 12.30pm and 1.30pm to 5.30pm Closed on Mondays Closed 1st May \/ 1st January \/ 25th December More information Scientific committee Legal notice<\/p>\n","protected":false},"author":1,"featured_media":625,"parent":0,"menu_order":0,"comment_status":"closed","ping_status":"closed","template":"","meta":{"_acf_changed":false,"footnotes":""},"class_list":["post-2040","page","type-page","status-publish","has-post-thumbnail","hentry"],"acf":[],"_links":{"self":[{"href":"https:\/\/www.portail-esclavage-reunion.fr\/en\/wp-json\/wp\/v2\/pages\/2040","targetHints":{"allow":["GET"]}}],"collection":[{"href":"https:\/\/www.portail-esclavage-reunion.fr\/en\/wp-json\/wp\/v2\/pages"}],"about":[{"href":"https:\/\/www.portail-esclavage-reunion.fr\/en\/wp-json\/wp\/v2\/types\/page"}],"author":[{"embeddable":true,"href":"https:\/\/www.portail-esclavage-reunion.fr\/en\/wp-json\/wp\/v2\/users\/1"}],"replies":[{"embeddable":true,"href":"https:\/\/www.portail-esclavage-reunion.fr\/en\/wp-json\/wp\/v2\/comments?post=2040"}],"version-history":[{"count":0,"href":"https:\/\/www.portail-esclavage-reunion.fr\/en\/wp-json\/wp\/v2\/pages\/2040\/revisions"}],"wp:featuredmedia":[{"embeddable":true,"href":"https:\/\/www.portail-esclavage-reunion.fr\/en\/wp-json\/wp\/v2\/media\/625"}],"wp:attachment":[{"href":"https:\/\/www.portail-esclavage-reunion.fr\/en\/wp-json\/wp\/v2\/media?parent=2040"}],"curies":[{"name":"wp","href":"https:\/\/api.w.org\/{rel}","templated":true}]}}