{"id":2048,"date":"2019-12-18T14:46:09","date_gmt":"2019-12-18T13:46:09","guid":{"rendered":"https:\/\/www.portail-esclavage-reunion.fr\/?page_id=2048"},"modified":"2021-11-25T09:08:41","modified_gmt":"2021-11-25T08:08:41","slug":"legal-notices","status":"publish","type":"page","link":"https:\/\/www.portail-esclavage-reunion.fr\/en\/legal-notices\/","title":{"rendered":"Legal notice"},"content":{"rendered":"<p>\u201cNo reproduction, even partial, other than those provided for in Article L 122-5 of the Intellectual Property Code, may be made of this site without the express permission of the author.\u201d<\/p>\n<h4>Publishing<\/h4>\n<p>D\u00e9partement de La R\u00e9union<br \/>\n2 rue de la Source<br \/>\n97400 Saint-Denis de La R\u00e9union<br \/>\nT. 0262 90 30 30<br \/>\n<a href=\"https:\/\/www.departement974.fr\/\" target=\"_blank\" rel=\"noopener\">www.departement974.fr<\/a><\/p>\n<h4>Publishing Director<\/h4>\n<p>M. Cyrille MELCHIOR<br \/>\nPr\u00e9sident du Conseil D\u00e9partemental<br \/>\nde La R\u00e9union<\/p>\n<h4>Web Hosting<\/h4>\n<p>D\u00e9partement de La R\u00e9union<br \/>\n2 rue de la Source<br \/>\n97400 Saint-Denis de La R\u00e9union<br \/>\nT. 0262 90 30 30<br \/>\n<a href=\"https:\/\/www.departement974.fr\/\" target=\"_blank\" rel=\"noopener\">www.departement974.fr<\/a><\/p>\n<h4>Graphic design and development<\/h4>\n<p>Anima.productions<br \/>\n4, rue d\u2019Alger<br \/>\n44100 Nantes<br \/>\nT. 02 51 84 05 76<br \/>\n<a href=\"http:\/\/www.animaproductions.com\" target=\"_blank\" rel=\"noopener\">www.animaproductions.com<\/a><\/p>\n","protected":false},"excerpt":{"rendered":"<p>\u201cNo reproduction, even partial, other than those provided for in Article L 122-5 of the Intellectual Property Code, may be made of this site without the express permission of the author.\u201d Publishing D\u00e9partement de La R\u00e9union 2 rue de la Source 97400 Saint-Denis de La R\u00e9union T. 0262 90 30 30 www.departement974.fr Publishing Director M. &hellip; <\/p>\n<p class=\"link-more\"><a href=\"https:\/\/www.portail-esclavage-reunion.fr\/en\/legal-notices\/\" class=\"more-link\">Continue reading<span class=\"screen-reader-text\"> &#8220;Legal notice&#8221;<\/span><\/a><\/p>\n","protected":false},"author":1,"featured_media":557,"parent":0,"menu_order":0,"comment_status":"closed","ping_status":"closed","template":"","meta":{"_acf_changed":false,"footnotes":""},"class_list":["post-2048","page","type-page","status-publish","has-post-thumbnail","hentry"],"acf":[],"_links":{"self":[{"href":"https:\/\/www.portail-esclavage-reunion.fr\/en\/wp-json\/wp\/v2\/pages\/2048","targetHints":{"allow":["GET"]}}],"collection":[{"href":"https:\/\/www.portail-esclavage-reunion.fr\/en\/wp-json\/wp\/v2\/pages"}],"about":[{"href":"https:\/\/www.portail-esclavage-reunion.fr\/en\/wp-json\/wp\/v2\/types\/page"}],"author":[{"embeddable":true,"href":"https:\/\/www.portail-esclavage-reunion.fr\/en\/wp-json\/wp\/v2\/users\/1"}],"replies":[{"embeddable":true,"href":"https:\/\/www.portail-esclavage-reunion.fr\/en\/wp-json\/wp\/v2\/comments?post=2048"}],"version-history":[{"count":0,"href":"https:\/\/www.portail-esclavage-reunion.fr\/en\/wp-json\/wp\/v2\/pages\/2048\/revisions"}],"wp:featuredmedia":[{"embeddable":true,"href":"https:\/\/www.portail-esclavage-reunion.fr\/en\/wp-json\/wp\/v2\/media\/557"}],"wp:attachment":[{"href":"https:\/\/www.portail-esclavage-reunion.fr\/en\/wp-json\/wp\/v2\/media?parent=2048"}],"curies":[{"name":"wp","href":"https:\/\/api.w.org\/{rel}","templated":true}]}}