{"id":2052,"date":"2019-12-18T14:47:11","date_gmt":"2019-12-18T13:47:11","guid":{"rendered":"https:\/\/www.portail-esclavage-reunion.fr\/?page_id=2052"},"modified":"2019-12-18T14:47:11","modified_gmt":"2019-12-18T13:47:11","slug":"filmography","status":"publish","type":"page","link":"https:\/\/www.portail-esclavage-reunion.fr\/en\/ressources\/filmography\/","title":{"rendered":"Filmography"},"content":{"rendered":"<p><em><strong>Les routes de l\u2019esclavage<\/strong><\/em> (2018),<br \/>\ns\u00e9rie documentaire en 4 \u00e9pisodes de Daniel Cattier, Juan G\u00e9las, Fanny Glissant<\/p>\n<p><em><strong>Madame Desbassayns. Mythe et R\u00e9alit\u00e9 d&#8217;une ic\u00f4ne de l&#8217;esclavage<\/strong><\/em> (2015),<br \/>\nde William Cally avec la collaboration de Sudel Fuma<\/p>\n<p><em><strong>The Birth of a Nation<\/strong><\/em> (2016), de Nate Parker<\/p>\n<p><em><strong>Belle<\/strong><\/em> (2014), de Amma Asante<\/p>\n<p><em><strong>Lincoln<\/strong><\/em> (2013), de Steven Spielberg<\/p>\n<p><em><strong>12 years a slave<\/strong><\/em> (2013), de Steve McQueen<\/p>\n<p><em><strong>Django Unchained<\/strong><\/em> (2012), de Quentin Tarantino<\/p>\n<p><em><strong>Ne suis-je pas ton fr\u00e8re ? : la soci\u00e9t\u00e9 des amis des noirs 1788-1794<\/strong><\/em> (2011), de Didier Roten<\/p>\n<p><em><strong>La libert\u00e9 g\u00e9n\u00e9rale : chroniques de la premi\u00e8re abolition de l&#8217;esclavage 1794-1802<\/strong><\/em>, (2011) de Didier Roten<\/p>\n<p><em><strong>Vers la seconde abolition de l&#8217;esclavage dans les colonies fran\u00e7aises 1802-1848<\/strong><\/em>, (2011) de Fran\u00e7ois Vivier<\/p>\n<p><em><strong>Case d\u00e9part<\/strong><\/em> (2011), de Lionel Steketee, Fabrice Ebou\u00e9 et Thomas N&#8217;Gijol<\/p>\n<p><em><strong>Amazing grace<\/strong><\/em> (2007), de Michael Apted<\/p>\n<p><em><strong>Marderlay<\/strong><\/em> (2004), de Lars von Trier<\/p>\n<p><em><strong>Le passage du milieu<\/strong><\/em> (1999), de Guy Deslauriers<\/p>\n<p><em><strong>Beloved<\/strong><\/em> (1999), de Jonathan Demme<\/p>\n<p><em><strong>Amistad<\/strong><\/em> (1997), de Steven Spielberg<\/p>\n<p><em><strong>Sankofa<\/strong><\/em> (1995), de Haile Gerima<\/p>\n<p><em><strong>Glory<\/strong><\/em> (1989), d\u2019Edward Zwick<\/p>\n<p><em><strong>Cobra Verde<\/strong><\/em> (1987), de Werner Herzog<\/p>\n<p><em><strong>Rue Case-N\u00e8gres<\/strong><\/em> (1983), d\u2019 Euzhan Palcy<\/p>\n<p><em><strong>Racines<\/strong><\/em> (1977), de Marvin J. Chomsky, John Erman, Gilbert Moses<\/p>\n<p><em><strong>Mandingo<\/strong><\/em> (1975), de Richard Fleischer<\/p>\n<p><em><strong>Spartacus<\/strong><\/em> (1960), de Stanley Kubrick<\/p>\n<p><em><strong>Autant en emporte le vent<\/strong><\/em> (1939), de Victor Fleming, George Cukor et Sam Wood<\/p>\n","protected":false},"excerpt":{"rendered":"<p>Les routes de l\u2019esclavage (2018), s\u00e9rie documentaire en 4 \u00e9pisodes de Daniel Cattier, Juan G\u00e9las, Fanny Glissant Madame Desbassayns. Mythe et R\u00e9alit\u00e9 d&#8217;une ic\u00f4ne de l&#8217;esclavage (2015), de William Cally avec la collaboration de Sudel Fuma The Birth of a Nation (2016), de Nate Parker Belle (2014), de Amma Asante Lincoln (2013), de Steven Spielberg &hellip; <\/p>\n<p class=\"link-more\"><a href=\"https:\/\/www.portail-esclavage-reunion.fr\/en\/ressources\/filmography\/\" class=\"more-link\">Continue reading<span class=\"screen-reader-text\"> &#8220;Filmography&#8221;<\/span><\/a><\/p>\n","protected":false},"author":1,"featured_media":747,"parent":2050,"menu_order":0,"comment_status":"closed","ping_status":"closed","template":"","meta":{"_acf_changed":false,"footnotes":""},"class_list":["post-2052","page","type-page","status-publish","has-post-thumbnail","hentry"],"acf":[],"_links":{"self":[{"href":"https:\/\/www.portail-esclavage-reunion.fr\/en\/wp-json\/wp\/v2\/pages\/2052","targetHints":{"allow":["GET"]}}],"collection":[{"href":"https:\/\/www.portail-esclavage-reunion.fr\/en\/wp-json\/wp\/v2\/pages"}],"about":[{"href":"https:\/\/www.portail-esclavage-reunion.fr\/en\/wp-json\/wp\/v2\/types\/page"}],"author":[{"embeddable":true,"href":"https:\/\/www.portail-esclavage-reunion.fr\/en\/wp-json\/wp\/v2\/users\/1"}],"replies":[{"embeddable":true,"href":"https:\/\/www.portail-esclavage-reunion.fr\/en\/wp-json\/wp\/v2\/comments?post=2052"}],"version-history":[{"count":0,"href":"https:\/\/www.portail-esclavage-reunion.fr\/en\/wp-json\/wp\/v2\/pages\/2052\/revisions"}],"up":[{"embeddable":true,"href":"https:\/\/www.portail-esclavage-reunion.fr\/en\/wp-json\/wp\/v2\/pages\/2050"}],"wp:featuredmedia":[{"embeddable":true,"href":"https:\/\/www.portail-esclavage-reunion.fr\/en\/wp-json\/wp\/v2\/media\/747"}],"wp:attachment":[{"href":"https:\/\/www.portail-esclavage-reunion.fr\/en\/wp-json\/wp\/v2\/media?parent=2052"}],"curies":[{"name":"wp","href":"https:\/\/api.w.org\/{rel}","templated":true}]}}