{"id":5442,"date":"2021-07-20T08:46:49","date_gmt":"2021-07-20T06:46:49","guid":{"rendered":"https:\/\/www.portail-esclavage-reunion.fr\/?page_id=5442"},"modified":"2022-07-04T13:14:31","modified_gmt":"2022-07-04T11:14:31","slug":"informacoes-sobre-rodapes","status":"publish","type":"page","link":"https:\/\/www.portail-esclavage-reunion.fr\/pt-pt\/informacoes-sobre-rodapes\/","title":{"rendered":"Informa\u00e7\u00e3o sobre rodap\u00e9s"},"content":{"rendered":"<h3>Museu Vill\u00e8le<\/h3>\n<p>Domaine Panon-Desbassyns<br \/>\nSaint-Gilles-Les-Hauts<br \/>\nTelf(s): 0262 55 64 10<br \/>\nE-Mail: musse.villele@cg974.fr<br \/>\n<a class=\"SP_smallButtonWhite\" href=\"https:\/\/www.google.fr\/maps\/dir\/\/Le+mus\u00e9e+de+Vill\u00e8le,+Domaine+Panon+Desbassayns,+Lieu-dit+Vill\u00e8le,+Saint-Gilles-les-Bains,+La+R\u00e9union\" target=\"_blank\" rel=\"noopener\">Como l\u00e1 chegar<\/a><\/p>\n<p>Aberto de ter\u00e7a-feira a domingo, excepto segundas-feiras, 1 de Janeiro, 1 de Maio e 25 de Dezembro,<br \/>\ndas 9.30h \u00e0s 12.30h e das 13.30h \u00e0s 17.30h.<\/p>\n<h3>Mais informa\u00e7\u00f5es<\/h3>\n<p><a href=\"https:\/\/www.portail-esclavage-reunion.fr\/pt-pt\/o-comite-cientifico-do-museu\/\" target=\"_blank\" rel=\"noopener\">Comit\u00e9 Cient\u00edfico<\/a><br \/>\n<a href=\"https:\/\/www.portail-esclavage-reunion.fr\/pt-pt\/mencoes-legais\/\" target=\"_blank\" rel=\"noopener\">Men\u00e7\u00f5es legais<\/a><\/p>\n","protected":false},"excerpt":{"rendered":"<p>Museu Vill\u00e8le Domaine Panon-Desbassyns Saint-Gilles-Les-Hauts Telf(s): 0262 55 64 10 E-Mail: musse.villele@cg974.fr Como l\u00e1 chegar Aberto de ter\u00e7a-feira a domingo, excepto segundas-feiras, 1 de Janeiro, 1 de Maio e 25 de Dezembro, das 9.30h \u00e0s 12.30h e das 13.30h \u00e0s 17.30h. Mais informa\u00e7\u00f5es Comit\u00e9 Cient\u00edfico Men\u00e7\u00f5es legais<\/p>\n","protected":false},"author":5,"featured_media":5397,"parent":0,"menu_order":0,"comment_status":"closed","ping_status":"closed","template":"","meta":{"_acf_changed":false,"footnotes":""},"class_list":["post-5442","page","type-page","status-publish","has-post-thumbnail","hentry"],"acf":[],"_links":{"self":[{"href":"https:\/\/www.portail-esclavage-reunion.fr\/pt-pt\/wp-json\/wp\/v2\/pages\/5442","targetHints":{"allow":["GET"]}}],"collection":[{"href":"https:\/\/www.portail-esclavage-reunion.fr\/pt-pt\/wp-json\/wp\/v2\/pages"}],"about":[{"href":"https:\/\/www.portail-esclavage-reunion.fr\/pt-pt\/wp-json\/wp\/v2\/types\/page"}],"author":[{"embeddable":true,"href":"https:\/\/www.portail-esclavage-reunion.fr\/pt-pt\/wp-json\/wp\/v2\/users\/5"}],"replies":[{"embeddable":true,"href":"https:\/\/www.portail-esclavage-reunion.fr\/pt-pt\/wp-json\/wp\/v2\/comments?post=5442"}],"version-history":[{"count":0,"href":"https:\/\/www.portail-esclavage-reunion.fr\/pt-pt\/wp-json\/wp\/v2\/pages\/5442\/revisions"}],"wp:featuredmedia":[{"embeddable":true,"href":"https:\/\/www.portail-esclavage-reunion.fr\/pt-pt\/wp-json\/wp\/v2\/media\/5397"}],"wp:attachment":[{"href":"https:\/\/www.portail-esclavage-reunion.fr\/pt-pt\/wp-json\/wp\/v2\/media?parent=5442"}],"curies":[{"name":"wp","href":"https:\/\/api.w.org\/{rel}","templated":true}]}}