{"id":5446,"date":"2021-07-20T08:43:26","date_gmt":"2021-07-20T06:43:26","guid":{"rendered":"https:\/\/www.portail-esclavage-reunion.fr\/?page_id=5446"},"modified":"2021-07-20T08:49:28","modified_gmt":"2021-07-20T06:49:28","slug":"o-comite-cientifico-do-museu","status":"publish","type":"page","link":"https:\/\/www.portail-esclavage-reunion.fr\/pt-pt\/o-comite-cientifico-do-museu\/","title":{"rendered":"O Comit\u00e9 Cient\u00edfico do Museu"},"content":{"rendered":"<h3>Um \u00f3rg\u00e3o consultivo<\/h3>\n<p>Definido no programa cient\u00edfico e cultural do museu, o conselho cient\u00edfico foi criado em 30 de abril de 2018. \u00c9 um \u00f3rg\u00e3o consultivo composto por v\u00e1rias personalidades convidadas a dar opini\u00f5es externas sobre o projecto de desenvolvimento do museu hist\u00f3rico, sobre as suas principais orienta\u00e7\u00f5es, sobre o conte\u00fado cient\u00edfico do programa museol\u00f3gico, sobre a oferta cultural proposta em termos de media\u00e7\u00e3o, cria\u00e7\u00e3o de materiais educativos ou divulga\u00e7\u00e3o de conhecimentos.<\/p>\n<h3>Uma assembleia colegial<\/h3>\n<p>O Comit\u00e9 Cient\u00edfico \u00e9 composto por tr\u00eas categorias de membros escolhidos com base nos seus campos de pesquisa e suscept\u00edveis de alimentar a reflex\u00e3o ou para lidar com certos aspectos dos problemas do museu, nomeadamente :<\/p>\n<p>&#8211; Os membros honor\u00e1rios: autoridades l\u00edderes em uma \u00e1rea espec\u00edfica<\/p>\n<p>&#8211; Os membros permanentes: pesquisadores reconhecidos que trazem os seus conhecimentos para enriquecer o prop\u00f3sito do museu, e refor\u00e7am a abordagem cient\u00edfica do seu discurso.<\/p>\n<p>&#8211; Os membros associados: pesquisadores, acad\u00e9micos, professores, membros de sociedades cient\u00edficas, c\u00edrculos associativos que investiram na pesquisa e no estudo de quest\u00f5es relacionadas com a sociedade da planta\u00e7\u00e3o, a hist\u00f3ria e a mem\u00f3ria da escravid\u00e3o, particularmente na Ilha da Reuni\u00e3o. Esses membros s\u00e3o chamados pontualmente.<\/p>\n<p>Embora o comit\u00e9 seja inicialmente composto por membros residentes na Ilha da Reuni\u00e3o ou na Fran\u00e7a metropolitana, espera-se que se abra internacionalmente a curto prazo, integrando membros escolhidos tanto na Europa como no mundo inteiro, de acordo com os mesmos crit\u00e9rios de pr\u00e1ticas e compet\u00eancias profissionais, e preocupados com quest\u00f5es semelhantes.<\/p>\n<h3>Um grupo de trabalho regular<\/h3>\n<p>Os membros permanentes s\u00e3o chamados a reunir-se pelo menos tr\u00eas vezes por ano para se pronunciarem sobre quest\u00f5es que afectam as actividades do museu. Tamb\u00e9m podem ser previstos pequenos grupos de trabalho, em fun\u00e7\u00e3o dos temas a tratar.<br \/>\nPara todos os membros, ser\u00e1 proposta uma reuni\u00e3o anual a fim de comunicar sobre o trabalho realizado pelo comit\u00e9 cient\u00edfico e o progresso dos projectos realizados no museu.<\/p>\n<h3>As miss\u00f5es espec\u00edficas<\/h3>\n<p>No \u00e2mbito do portal digital <em>Sociedade de planta\u00e7\u00e3o, hist\u00f3ria e mem\u00f3ria da escravid\u00e3o na Ilha da Reuni\u00e3o<\/em>, os membros do comit\u00e9 contribu\u00edram escrevendo textos sobre v\u00e1rios temas. Os artigos, acess\u00edveis no site, ser\u00e3o tamb\u00e9m objecto de v\u00e1rias explora\u00e7\u00f5es: conte\u00fados de cart\u00e9is, pain\u00e9is informativos para futuros sal\u00f5es de exposi\u00e7\u00e3o permanentes, meios de informa\u00e7\u00e3o interactivos<\/p>\n<hr \/>\n<h3 class=\"p1\">Membros permanentes<\/h3>\n<p><strong>Prosper EVE<\/strong><br \/>\nProfessor universit\u00e1rio, Ph.D. em hist\u00f3ria. Trabalhou sobre a escravid\u00e3o em Bourbon. Preside a Association historique internationale de l\u2019oc\u00e9an Indien<\/p>\n<p><strong>Gilles GAUVIN<\/strong><br \/>\nProfessor de hist\u00f3ria e geografia. Antigo membro do Comit\u00e9 national pour la m\u00e9moire de l&#8217;esclavage (Comit\u00e9 nacional para a mem\u00f3ria da escravid\u00e3o)<\/p>\n<p><strong>Albert JAUZE<\/strong><br \/>\nProfessor Associado de hist\u00f3ria e geografia, Encarregado de curso na Universidade. Autor de <em>Vivre \u00e0 Bourbon au XVIIIe si\u00e8cle<\/em> (2017)<\/p>\n<p><strong>Alexis MIRANVILLE<\/strong><br \/>\nProfessor de hist\u00f3ria e geografia, autor de <em>Madame Desbassayns, le mythe, la l\u00e9gende et l\u2019histoire<\/em> (2015)<\/p>\n<p><strong>Marie-Ange PAYET<\/strong><br \/>\nProfessora de literatura francesa e franc\u00f3fona, autora de <em>Les femmes dans le marronnage de 1662 \u00e0 1848<\/em> (2016)<\/p>\n<p><strong>Anne-Laure DIJOUX<\/strong><br \/>\nPesquisadora, arche\u00f3loga, tema de tese: Investiga\u00e7\u00e3o e estudo de s\u00edtios arqueol\u00f3gicos de \u00ab maronnage \u00bb (quilombos) na Ilha da Reuni\u00e3o. (2016)<\/p>\n<h3 class=\"p1\">Membros honor\u00e1rios<\/h3>\n<p><strong>Jean BENOIST<\/strong><br \/>\nM\u00e9dico antrop\u00f3logo, director da colec\u00e7\u00e3o das sociedades crioulas. A sua investiga\u00e7\u00e3o centra-se na miscigena\u00e7\u00e3o e na antropologia m\u00e9dica<\/p>\n<p><strong>Hubert GERBEAU \u2020<\/strong><br \/>\nPesquisador, autor de uma tese intitulada: a escravid\u00e3o e a sua sombra. A ilha Bourbon nos s\u00e9culos XIX e XX (2005)<\/p>\n<p><strong>Claude WANQUET \u2020<\/strong><br \/>\nProfessor em\u00e9rito de hist\u00f3ria, autor de <em>Henri Paulin Panon Desbassayns, autopsie d\u2019un \u00ab gros Blanc \u00bb r\u00e9unionnais de la fin du XVIIIe si\u00e8cle<\/em> (2011)<\/p>\n<h3>Membros associados<\/h3>\n<p><strong>Gilles GERARD<\/strong><em><br \/>\n<\/em>Ph.D. (hist\u00f3ria)<em>, autor de La guerre de 1811 ou la r\u00e9volution des esclaves de St-Leu, \u00eele Bourbon<\/em> (2015<em>) e Des esclaves sous le fouet, le proc\u00e8s Morette<\/em> (2016)<\/p>\n<p><strong>Jean-Fran\u00e7ois GERAUD<\/strong><br \/>\nProfessor e pesquisador em hist\u00f3ria, autor de <em>Les esclaves du sucre<\/em> (2008), <em>Atlas sucrier de La R\u00e9union<\/em> (2010) e <em>Les ma\u00eetres du sucre<\/em> (2013)<\/p>\n<p><strong>Jean-Michel FILLIOT\u00a0\u2020<\/strong><br \/>\nPesquisador na ORSTOM, autor de <em>Histoire des Seychelles, livre du ma\u00eetre<\/em> (1981) e <em>La traite des esclaves vers les Mascareignes au XVIIIe si\u00e8cle<\/em> (1974)<\/p>\n<p><strong>Xavier LE TERRIER<\/strong><br \/>\nPesquisador, autor de <em>Sources et m\u00e9thode pour une histoire des usines sucri\u00e8res de la seconde moiti\u00e9 du XIXe si\u00e8cle : aspects spatiaux, architecturaux, m\u00e9caniques et humains<\/em> (2000)<\/p>\n<p><strong>Damien VAISSE<\/strong><br \/>\nDirector dos Arquivos Departamentais da Ilha da Reuni\u00e3o<\/p>\n<p><strong>Bernard LEVENEUR<\/strong><br \/>\nCurador do Museu L\u00e9on Dierx<\/p>\n<p><strong>Natacha PROVENSAL<\/strong><br \/>\nConselheira nos museus, DAC OI<\/p>\n<p><strong>Philippe GOERGEN<\/strong><br \/>\nConservador do patrim\u00f3nio, chefe do departamento de conserva\u00e7\u00e3o preventiva, centro de investiga\u00e7\u00e3o e de restaura\u00e7\u00e3o dos Mus\u00e9es de France (C2RMF))<\/p>\n<p><strong>Gilles PIGNON<\/strong><br \/>\nCurador, Service R\u00e9gional de l\u2019Inventaire (Departamento Regional de Invent\u00e1rio),\u00a0curador da exposi\u00e7\u00e3o <em>Marronnage, refuser l\u2019esclavage \u00e0 l\u2019\u00eele Bourbon<\/em> (Saint-Paul, 2016-2017)<\/p>\n","protected":false},"excerpt":{"rendered":"<p>Um \u00f3rg\u00e3o consultivo Definido no programa cient\u00edfico e cultural do museu, o conselho cient\u00edfico foi criado em 30 de abril de 2018. \u00c9 um \u00f3rg\u00e3o consultivo composto por v\u00e1rias personalidades convidadas a dar opini\u00f5es externas sobre o projecto de desenvolvimento do museu hist\u00f3rico, sobre as suas principais orienta\u00e7\u00f5es, sobre o conte\u00fado cient\u00edfico do programa museol\u00f3gico, &hellip; <\/p>\n<p class=\"link-more\"><a href=\"https:\/\/www.portail-esclavage-reunion.fr\/pt-pt\/o-comite-cientifico-do-museu\/\" class=\"more-link\">Continue reading<span class=\"screen-reader-text\"> &#8220;O Comit\u00e9 Cient\u00edfico do Museu&#8221;<\/span><\/a><\/p>\n","protected":false},"author":5,"featured_media":5397,"parent":0,"menu_order":0,"comment_status":"closed","ping_status":"closed","template":"","meta":{"_acf_changed":false,"footnotes":""},"class_list":["post-5446","page","type-page","status-publish","has-post-thumbnail","hentry"],"acf":[],"_links":{"self":[{"href":"https:\/\/www.portail-esclavage-reunion.fr\/pt-pt\/wp-json\/wp\/v2\/pages\/5446","targetHints":{"allow":["GET"]}}],"collection":[{"href":"https:\/\/www.portail-esclavage-reunion.fr\/pt-pt\/wp-json\/wp\/v2\/pages"}],"about":[{"href":"https:\/\/www.portail-esclavage-reunion.fr\/pt-pt\/wp-json\/wp\/v2\/types\/page"}],"author":[{"embeddable":true,"href":"https:\/\/www.portail-esclavage-reunion.fr\/pt-pt\/wp-json\/wp\/v2\/users\/5"}],"replies":[{"embeddable":true,"href":"https:\/\/www.portail-esclavage-reunion.fr\/pt-pt\/wp-json\/wp\/v2\/comments?post=5446"}],"version-history":[{"count":0,"href":"https:\/\/www.portail-esclavage-reunion.fr\/pt-pt\/wp-json\/wp\/v2\/pages\/5446\/revisions"}],"wp:featuredmedia":[{"embeddable":true,"href":"https:\/\/www.portail-esclavage-reunion.fr\/pt-pt\/wp-json\/wp\/v2\/media\/5397"}],"wp:attachment":[{"href":"https:\/\/www.portail-esclavage-reunion.fr\/pt-pt\/wp-json\/wp\/v2\/media?parent=5446"}],"curies":[{"name":"wp","href":"https:\/\/api.w.org\/{rel}","templated":true}]}}