{"id":6867,"date":"2021-11-25T11:42:07","date_gmt":"2021-11-25T10:42:07","guid":{"rendered":"https:\/\/www.portail-esclavage-reunion.fr\/?page_id=6867"},"modified":"2021-11-26T06:19:45","modified_gmt":"2021-11-26T05:19:45","slug":"mencoes-legais","status":"publish","type":"page","link":"https:\/\/www.portail-esclavage-reunion.fr\/pt-pt\/mencoes-legais\/","title":{"rendered":"Men\u00e7\u00f5es legais"},"content":{"rendered":"<p>\u00abA reprodu\u00e7\u00e3o total ou parcial do conte\u00fado deste portal, para al\u00e9m dos casos previstos no artigo L 122-5 do <em>code de la propri\u00e9t\u00e9 intellectuelle<\/em>, \u00e9 autorizada somente com o consentimento expresso do autor.\u00bb<\/p>\n<h4>Editor<\/h4>\n<p>D\u00e9partement de La R\u00e9union<br \/>\n2 rue de la Source<br \/>\n97400 Saint-Denis de La R\u00e9union<br \/>\nT. 0262 90 30 30<br \/>\n<a href=\"https:\/\/www.departement974.fr\/\" target=\"_blank\" rel=\"noopener\">www.departement974.fr<\/a><\/p>\n<h4>Diretor de publica\u00e7\u00e3o<\/h4>\n<p>M. Cyrille MELCHIOR<br \/>\nPr\u00e9sident du Conseil D\u00e9partemental<br \/>\nde La R\u00e9union<\/p>\n<h4>Sede<\/h4>\n<p>D\u00e9partement de La R\u00e9union<br \/>\n2 rue de la Source<br \/>\n97400 Saint-Denis de La R\u00e9union<br \/>\nT. 0262 90 30 30<br \/>\n<a href=\"https:\/\/www.departement974.fr\/\" target=\"_blank\" rel=\"noopener\">www.departement974.fr<\/a><\/p>\n<h4>Design gr\u00e1fico e desenvolvimento<\/h4>\n<p>Anima.productions<br \/>\n4, rue d\u2019Alger<br \/>\n44100 Nantes<br \/>\nT. 02 51 84 05 76<br \/>\n<a href=\"http:\/\/www.animaproductions.com\" target=\"_blank\" rel=\"noopener\">www.animaproductions.com<\/a><\/p>\n","protected":false},"excerpt":{"rendered":"<p>\u00abA reprodu\u00e7\u00e3o total ou parcial do conte\u00fado deste portal, para al\u00e9m dos casos previstos no artigo L 122-5 do code de la propri\u00e9t\u00e9 intellectuelle, \u00e9 autorizada somente com o consentimento expresso do autor.\u00bb Editor D\u00e9partement de La R\u00e9union 2 rue de la Source 97400 Saint-Denis de La R\u00e9union T. 0262 90 30 30 www.departement974.fr Diretor &hellip; <\/p>\n<p class=\"link-more\"><a href=\"https:\/\/www.portail-esclavage-reunion.fr\/pt-pt\/mencoes-legais\/\" class=\"more-link\">Continue reading<span class=\"screen-reader-text\"> &#8220;Men\u00e7\u00f5es legais&#8221;<\/span><\/a><\/p>\n","protected":false},"author":5,"featured_media":5397,"parent":0,"menu_order":0,"comment_status":"closed","ping_status":"closed","template":"","meta":{"_acf_changed":false,"footnotes":""},"class_list":["post-6867","page","type-page","status-publish","has-post-thumbnail","hentry"],"acf":[],"_links":{"self":[{"href":"https:\/\/www.portail-esclavage-reunion.fr\/pt-pt\/wp-json\/wp\/v2\/pages\/6867","targetHints":{"allow":["GET"]}}],"collection":[{"href":"https:\/\/www.portail-esclavage-reunion.fr\/pt-pt\/wp-json\/wp\/v2\/pages"}],"about":[{"href":"https:\/\/www.portail-esclavage-reunion.fr\/pt-pt\/wp-json\/wp\/v2\/types\/page"}],"author":[{"embeddable":true,"href":"https:\/\/www.portail-esclavage-reunion.fr\/pt-pt\/wp-json\/wp\/v2\/users\/5"}],"replies":[{"embeddable":true,"href":"https:\/\/www.portail-esclavage-reunion.fr\/pt-pt\/wp-json\/wp\/v2\/comments?post=6867"}],"version-history":[{"count":0,"href":"https:\/\/www.portail-esclavage-reunion.fr\/pt-pt\/wp-json\/wp\/v2\/pages\/6867\/revisions"}],"wp:featuredmedia":[{"embeddable":true,"href":"https:\/\/www.portail-esclavage-reunion.fr\/pt-pt\/wp-json\/wp\/v2\/media\/5397"}],"wp:attachment":[{"href":"https:\/\/www.portail-esclavage-reunion.fr\/pt-pt\/wp-json\/wp\/v2\/media?parent=6867"}],"curies":[{"name":"wp","href":"https:\/\/api.w.org\/{rel}","templated":true}]}}