{"id":8777,"date":"2022-12-16T05:00:35","date_gmt":"2022-12-16T04:00:35","guid":{"rendered":"https:\/\/www.portail-esclavage-reunion.fr\/?page_id=8777"},"modified":"2022-12-16T06:03:43","modified_gmt":"2022-12-16T05:03:43","slug":"8777-2","status":"publish","type":"page","link":"https:\/\/www.portail-esclavage-reunion.fr\/re\/8777-2\/","title":{"rendered":"Zinformasyon pi\u00e9-d&#8217;paj"},"content":{"rendered":"<h3>M\u00fcz\u00e9 Vill\u00e8le<\/h3>\n<p>Dom\u00e8n Panon-Desbassyns<br \/>\nSin-Jil-L\u00e9-O<br \/>\nT\u00e9l. 0262 55 64 10<br \/>\nKoury\u00e8l : musee.villele@cg974.fr<br \/>\n<a href=\"https:\/\/www.google.fr\/maps\/dir\/\/Le+mus\u00e9e+de+Vill\u00e8le,+Domaine+Panon+Desbassayns,+Lieu-dit+Vill\u00e8le,+Saint-Gilles-les-Bains,+La+R\u00e9union\">Po al\u00e9<\/a><\/p>\n<p>Rouv\u00e8r depi mardi jiska dimansh :\u00a09h30-12h30, 13h30-17h30<br \/>\nF\u00e8rm\u00e9\u00a0 lindi , 1\u00e9 janvi\u00e9, 1\u00e9 mai, 25 dessanm<\/p>\n<h3>Zinformasyon an-pl\u00fcs<\/h3>\n<p><a href=\"https:\/\/www.portail-esclavage-reunion.fr\/comite-scientifique\/\">Komit\u00e9 siantifik<\/a><br \/>\n<a href=\"https:\/\/www.portail-esclavage-reunion.fr\/mentions-legales\/\">Zinformasyon l\u00e9gal<\/a><\/p>\n","protected":false},"excerpt":{"rendered":"<p>M\u00fcz\u00e9 Vill\u00e8le Dom\u00e8n Panon-Desbassyns Sin-Jil-L\u00e9-O T\u00e9l. 0262 55 64 10 Koury\u00e8l : musee.villele@cg974.fr Po al\u00e9 Rouv\u00e8r depi mardi jiska dimansh :\u00a09h30-12h30, 13h30-17h30 F\u00e8rm\u00e9\u00a0 lindi , 1\u00e9 janvi\u00e9, 1\u00e9 mai, 25 dessanm Zinformasyon an-pl\u00fcs Komit\u00e9 siantifik Zinformasyon l\u00e9gal<\/p>\n","protected":false},"author":5,"featured_media":0,"parent":0,"menu_order":0,"comment_status":"closed","ping_status":"closed","template":"","meta":{"_acf_changed":false,"footnotes":""},"class_list":["post-8777","page","type-page","status-publish","hentry"],"acf":[],"_links":{"self":[{"href":"https:\/\/www.portail-esclavage-reunion.fr\/re\/wp-json\/wp\/v2\/pages\/8777","targetHints":{"allow":["GET"]}}],"collection":[{"href":"https:\/\/www.portail-esclavage-reunion.fr\/re\/wp-json\/wp\/v2\/pages"}],"about":[{"href":"https:\/\/www.portail-esclavage-reunion.fr\/re\/wp-json\/wp\/v2\/types\/page"}],"author":[{"embeddable":true,"href":"https:\/\/www.portail-esclavage-reunion.fr\/re\/wp-json\/wp\/v2\/users\/5"}],"replies":[{"embeddable":true,"href":"https:\/\/www.portail-esclavage-reunion.fr\/re\/wp-json\/wp\/v2\/comments?post=8777"}],"version-history":[{"count":0,"href":"https:\/\/www.portail-esclavage-reunion.fr\/re\/wp-json\/wp\/v2\/pages\/8777\/revisions"}],"wp:attachment":[{"href":"https:\/\/www.portail-esclavage-reunion.fr\/re\/wp-json\/wp\/v2\/media?parent=8777"}],"curies":[{"name":"wp","href":"https:\/\/api.w.org\/{rel}","templated":true}]}}